{"id":23,"date":"2020-12-20T00:18:58","date_gmt":"2020-12-19T22:18:58","guid":{"rendered":"https:\/\/berge-wiesen-waelder.art\/?page_id=23"},"modified":"2024-11-18T04:02:39","modified_gmt":"2024-11-18T02:02:39","slug":"ueber-high-noon-about","status":"publish","type":"page","link":"https:\/\/www.berge-wiesen-waelder.art\/en\/","title":{"rendered":"About mountains, grasslands and woods"},"content":{"rendered":"<div data-elementor-type=\"wp-page\" data-elementor-id=\"23\" class=\"elementor elementor-23\" data-elementor-post-type=\"page\">\n\t\t\t\t\t\t<section class=\"elementor-section elementor-top-section elementor-element elementor-element-b7d2619 elementor-section-boxed elementor-section-height-default elementor-section-height-default\" data-id=\"b7d2619\" data-element_type=\"section\" data-e-type=\"section\">\n\t\t\t\t\t\t<div class=\"elementor-container elementor-column-gap-default\">\n\t\t\t\t\t<div class=\"elementor-column elementor-col-100 elementor-top-column elementor-element elementor-element-540cb1c\" data-id=\"540cb1c\" data-element_type=\"column\" data-e-type=\"column\">\n\t\t\t<div class=\"elementor-widget-wrap elementor-element-populated\">\n\t\t\t\t\t\t<div class=\"elementor-element elementor-element-75014b0 elementor-widget elementor-widget-text-editor\" data-id=\"75014b0\" data-element_type=\"widget\" data-e-type=\"widget\" data-widget_type=\"text-editor.default\">\n\t\t\t\t<div class=\"elementor-widget-container\">\n\t\t\t\t\t\t\t\t\t<div class=\"page\" title=\"Page 1\"><div class=\"layoutArea\"><div class=\"column\"><div class=\"\">The large-format colour photographs from the cycle <i class=\"\">mountains, grasslands and woods<\/i> by conceptual photographer Julian Kirschler show at first sight exactly what the title says: photographs of nature. In their digital elevation by the artist, however, these landscapes revisit places with romantic connotations: Kirschler's visual language removes the dust off access to home, location, inwardness. And at the same time visualizes being on the move itself: In the flowing, fleeing moment of a FLOWshot, as the photographer calls his landscape photography from a moving position. The familiar perspective he bases on universally valid childhood memories: \"It's the same perspective as when we watched the landscape fly past us on vibrating windows in cars, buses or trains.\"\u00a0<\/div><div class=\"\">\u00a0<\/div><div class=\"\">Evelyn Pschak von Rebay<\/div><div class=\"\"><div class=\"page\" title=\"Page 1\"><div class=\"layoutArea\"><div class=\"column\"><div class=\"\">\u00a0<\/div><div class=\"\">(Excerpt from:<a href=\"https:\/\/berge-wiesen-waelder.art\/wp-content\/uploads\/2021\/04\/Evelyn-Pschak-von-Rebay_Showroombesuch_Zyklus-Berge-Wiesen-und-Waelder_incl.Samples-1-2.pdf\" target=\"_blank\" rel=\"noopener\">The artist platform YOU ARE HERE:<\/a>:@\/\/\/wolken.kuckucks.heim &#8211; Berge, Wiesen und W\u00e4lder- Ein Showroom-Besuch)<\/div><\/div><\/div><\/div><\/div><\/div><\/div><\/div>\t\t\t\t\t\t\t\t<\/div>\n\t\t\t\t<\/div>\n\t\t\t\t\t<\/div>\n\t\t<\/div>\n\t\t\t\t\t<\/div>\n\t\t<\/section>\n\t\t\t\t<\/div>","protected":false},"excerpt":{"rendered":"<p>Die gro\u00dfformatigen Farbfotografien aus dem Zyklus Berge, Wiesen und W\u00e4lder des konzeptionellen Fotografen Julian Kirschler zeigen zun\u00e4chst genau das, was der Titel besagt: Naturaufnahmen. In ihrer digitalen \u00dcberh\u00f6hung durch den K\u00fcnstler jedoch greifen diese Landschaften romantisch besetzte Topoi neu auf: Kirschlers Bildsprache entstaubt den Zugang zu Heimat, Verortung, Innerlichkeit. Und visualisiert zugleich das Unterwegssein selbst: [&hellip;]<\/p>\n","protected":false},"author":1,"featured_media":0,"parent":0,"menu_order":0,"comment_status":"closed","ping_status":"closed","template":"elementor_header_footer","meta":{"footnotes":""},"class_list":["post-23","page","type-page","status-publish","hentry"],"yoast_head":"<!-- This site is optimized with the Yoast SEO plugin v27.4 - https:\/\/yoast.com\/product\/yoast-seo-wordpress\/ -->\n<title>\u00dcber Berge, Wiesen und W\u00e4lder<\/title>\n<meta name=\"robots\" content=\"index, follow, max-snippet:-1, max-image-preview:large, max-video-preview:-1\" \/>\n<link rel=\"canonical\" href=\"https:\/\/www.berge-wiesen-waelder.art\/en\/\" \/>\n<meta property=\"og:locale\" content=\"en_GB\" \/>\n<meta property=\"og:type\" content=\"article\" \/>\n<meta property=\"og:title\" content=\"\u00dcber Berge, Wiesen und W\u00e4lder\" \/>\n<meta property=\"og:description\" content=\"Die gro\u00dfformatigen Farbfotografien aus dem Zyklus Berge, Wiesen und W\u00e4lder des konzeptionellen Fotografen Julian Kirschler zeigen zun\u00e4chst genau das, was der Titel besagt: Naturaufnahmen. In ihrer digitalen \u00dcberh\u00f6hung durch den K\u00fcnstler jedoch greifen diese Landschaften romantisch besetzte Topoi neu auf: Kirschlers Bildsprache entstaubt den Zugang zu Heimat, Verortung, Innerlichkeit. Und visualisiert zugleich das Unterwegssein selbst: [&hellip;]\" \/>\n<meta property=\"og:url\" content=\"https:\/\/www.berge-wiesen-waelder.art\/en\/\" \/>\n<meta property=\"og:site_name\" content=\"Berge, Wiesen und W\u00e4lder\" \/>\n<meta property=\"article:modified_time\" content=\"2024-11-18T02:02:39+00:00\" \/>\n<meta name=\"twitter:card\" content=\"summary_large_image\" \/>\n<meta name=\"twitter:label1\" content=\"Estimated reading time\" \/>\n\t<meta name=\"twitter:data1\" content=\"1 minute\" \/>\n<script type=\"application\/ld+json\" class=\"yoast-schema-graph\">{\"@context\":\"https:\\\/\\\/schema.org\",\"@graph\":[{\"@type\":\"WebPage\",\"@id\":\"https:\\\/\\\/www.berge-wiesen-waelder.art\\\/\",\"url\":\"https:\\\/\\\/www.berge-wiesen-waelder.art\\\/\",\"name\":\"\u00dcber Berge, Wiesen und W\u00e4lder\",\"isPartOf\":{\"@id\":\"https:\\\/\\\/www.berge-wiesen-waelder.art\\\/#website\"},\"datePublished\":\"2020-12-19T22:18:58+00:00\",\"dateModified\":\"2024-11-18T02:02:39+00:00\",\"breadcrumb\":{\"@id\":\"https:\\\/\\\/www.berge-wiesen-waelder.art\\\/#breadcrumb\"},\"inLanguage\":\"en-GB\",\"potentialAction\":[{\"@type\":\"ReadAction\",\"target\":[\"https:\\\/\\\/www.berge-wiesen-waelder.art\\\/\"]}]},{\"@type\":\"BreadcrumbList\",\"@id\":\"https:\\\/\\\/www.berge-wiesen-waelder.art\\\/#breadcrumb\",\"itemListElement\":[{\"@type\":\"ListItem\",\"position\":1,\"name\":\"Startseite\",\"item\":\"https:\\\/\\\/www.berge-wiesen-waelder.art\\\/\"},{\"@type\":\"ListItem\",\"position\":2,\"name\":\"\u00dcber Berge, Wiesen und W\u00e4lder\"}]},{\"@type\":\"WebSite\",\"@id\":\"https:\\\/\\\/www.berge-wiesen-waelder.art\\\/#website\",\"url\":\"https:\\\/\\\/www.berge-wiesen-waelder.art\\\/\",\"name\":\"Berge, Wiesen und W\u00e4lder\",\"description\":\"\",\"publisher\":{\"@id\":\"https:\\\/\\\/www.berge-wiesen-waelder.art\\\/#organization\"},\"potentialAction\":[{\"@type\":\"SearchAction\",\"target\":{\"@type\":\"EntryPoint\",\"urlTemplate\":\"https:\\\/\\\/www.berge-wiesen-waelder.art\\\/?s={search_term_string}\"},\"query-input\":{\"@type\":\"PropertyValueSpecification\",\"valueRequired\":true,\"valueName\":\"search_term_string\"}}],\"inLanguage\":\"en-GB\"},{\"@type\":\"Organization\",\"@id\":\"https:\\\/\\\/www.berge-wiesen-waelder.art\\\/#organization\",\"name\":\"Berge, Wiesen und W\u00e4lder\",\"url\":\"https:\\\/\\\/www.berge-wiesen-waelder.art\\\/\",\"logo\":{\"@type\":\"ImageObject\",\"inLanguage\":\"en-GB\",\"@id\":\"https:\\\/\\\/www.berge-wiesen-waelder.art\\\/#\\\/schema\\\/logo\\\/image\\\/\",\"url\":\"https:\\\/\\\/www.berge-wiesen-waelder.art\\\/wp-content\\\/uploads\\\/2021\\\/04\\\/LOGO_DE_colour_moved.jpg\",\"contentUrl\":\"https:\\\/\\\/www.berge-wiesen-waelder.art\\\/wp-content\\\/uploads\\\/2021\\\/04\\\/LOGO_DE_colour_moved.jpg\",\"width\":1294,\"height\":136,\"caption\":\"Berge, Wiesen und W\u00e4lder\"},\"image\":{\"@id\":\"https:\\\/\\\/www.berge-wiesen-waelder.art\\\/#\\\/schema\\\/logo\\\/image\\\/\"}}]}<\/script>\n<!-- \/ Yoast SEO plugin. -->","yoast_head_json":{"title":"About mountains, grasslands and woods","robots":{"index":"index","follow":"follow","max-snippet":"max-snippet:-1","max-image-preview":"max-image-preview:large","max-video-preview":"max-video-preview:-1"},"canonical":"https:\/\/www.berge-wiesen-waelder.art\/en\/","og_locale":"en_GB","og_type":"article","og_title":"\u00dcber Berge, Wiesen und W\u00e4lder","og_description":"Die gro\u00dfformatigen Farbfotografien aus dem Zyklus Berge, Wiesen und W\u00e4lder des konzeptionellen Fotografen Julian Kirschler zeigen zun\u00e4chst genau das, was der Titel besagt: Naturaufnahmen. In ihrer digitalen \u00dcberh\u00f6hung durch den K\u00fcnstler jedoch greifen diese Landschaften romantisch besetzte Topoi neu auf: Kirschlers Bildsprache entstaubt den Zugang zu Heimat, Verortung, Innerlichkeit. Und visualisiert zugleich das Unterwegssein selbst: [&hellip;]","og_url":"https:\/\/www.berge-wiesen-waelder.art\/en\/","og_site_name":"Berge, Wiesen und W\u00e4lder","article_modified_time":"2024-11-18T02:02:39+00:00","twitter_card":"summary_large_image","twitter_misc":{"Estimated reading time":"1 minute"},"schema":{"@context":"https:\/\/schema.org","@graph":[{"@type":"WebPage","@id":"https:\/\/www.berge-wiesen-waelder.art\/","url":"https:\/\/www.berge-wiesen-waelder.art\/","name":"About mountains, grasslands and woods","isPartOf":{"@id":"https:\/\/www.berge-wiesen-waelder.art\/#website"},"datePublished":"2020-12-19T22:18:58+00:00","dateModified":"2024-11-18T02:02:39+00:00","breadcrumb":{"@id":"https:\/\/www.berge-wiesen-waelder.art\/#breadcrumb"},"inLanguage":"en-GB","potentialAction":[{"@type":"ReadAction","target":["https:\/\/www.berge-wiesen-waelder.art\/"]}]},{"@type":"BreadcrumbList","@id":"https:\/\/www.berge-wiesen-waelder.art\/#breadcrumb","itemListElement":[{"@type":"ListItem","position":1,"name":"Startseite","item":"https:\/\/www.berge-wiesen-waelder.art\/"},{"@type":"ListItem","position":2,"name":"\u00dcber Berge, Wiesen und W\u00e4lder"}]},{"@type":"WebSite","@id":"https:\/\/www.berge-wiesen-waelder.art\/#website","url":"https:\/\/www.berge-wiesen-waelder.art\/","name":"mountains, grasslands and woods","description":"","publisher":{"@id":"https:\/\/www.berge-wiesen-waelder.art\/#organization"},"potentialAction":[{"@type":"SearchAction","target":{"@type":"EntryPoint","urlTemplate":"https:\/\/www.berge-wiesen-waelder.art\/?s={search_term_string}"},"query-input":{"@type":"PropertyValueSpecification","valueRequired":true,"valueName":"search_term_string"}}],"inLanguage":"en-GB"},{"@type":"Organization","@id":"https:\/\/www.berge-wiesen-waelder.art\/#organization","name":"mountains, grasslands and woods","url":"https:\/\/www.berge-wiesen-waelder.art\/","logo":{"@type":"ImageObject","inLanguage":"en-GB","@id":"https:\/\/www.berge-wiesen-waelder.art\/#\/schema\/logo\/image\/","url":"https:\/\/www.berge-wiesen-waelder.art\/wp-content\/uploads\/2021\/04\/LOGO_DE_colour_moved.jpg","contentUrl":"https:\/\/www.berge-wiesen-waelder.art\/wp-content\/uploads\/2021\/04\/LOGO_DE_colour_moved.jpg","width":1294,"height":136,"caption":"Berge, Wiesen und W\u00e4lder"},"image":{"@id":"https:\/\/www.berge-wiesen-waelder.art\/#\/schema\/logo\/image\/"}}]}},"_links":{"self":[{"href":"https:\/\/www.berge-wiesen-waelder.art\/en\/wp-json\/wp\/v2\/pages\/23","targetHints":{"allow":["GET"]}}],"collection":[{"href":"https:\/\/www.berge-wiesen-waelder.art\/en\/wp-json\/wp\/v2\/pages"}],"about":[{"href":"https:\/\/www.berge-wiesen-waelder.art\/en\/wp-json\/wp\/v2\/types\/page"}],"author":[{"embeddable":true,"href":"https:\/\/www.berge-wiesen-waelder.art\/en\/wp-json\/wp\/v2\/users\/1"}],"replies":[{"embeddable":true,"href":"https:\/\/www.berge-wiesen-waelder.art\/en\/wp-json\/wp\/v2\/comments?post=23"}],"version-history":[{"count":0,"href":"https:\/\/www.berge-wiesen-waelder.art\/en\/wp-json\/wp\/v2\/pages\/23\/revisions"}],"wp:attachment":[{"href":"https:\/\/www.berge-wiesen-waelder.art\/en\/wp-json\/wp\/v2\/media?parent=23"}],"curies":[{"name":"wp","href":"https:\/\/api.w.org\/{rel}","templated":true}]}}