{"id":25,"date":"2020-12-20T00:19:21","date_gmt":"2020-12-19T22:19:21","guid":{"rendered":"https:\/\/berge-wiesen-waelder.art\/?page_id=25"},"modified":"2025-03-22T06:23:24","modified_gmt":"2025-03-22T04:23:24","slug":"bild-sound","status":"publish","type":"page","link":"https:\/\/www.berge-wiesen-waelder.art\/en\/bild-sound\/","title":{"rendered":"Still with Soundscape"},"content":{"rendered":"\t\t<div data-elementor-type=\"wp-page\" data-elementor-id=\"25\" class=\"elementor elementor-25\" data-elementor-post-type=\"page\">\n\t\t\t\t\t\t<section class=\"elementor-section elementor-top-section elementor-element elementor-element-1ec17aba elementor-section-boxed elementor-section-height-default elementor-section-height-default\" data-id=\"1ec17aba\" data-element_type=\"section\" data-e-type=\"section\">\n\t\t\t\t\t\t<div class=\"elementor-container elementor-column-gap-default\">\n\t\t\t\t\t<div class=\"elementor-column elementor-col-100 elementor-top-column elementor-element elementor-element-6af4addc\" data-id=\"6af4addc\" data-element_type=\"column\" data-e-type=\"column\">\n\t\t\t<div class=\"elementor-widget-wrap elementor-element-populated\">\n\t\t\t\t\t\t<div class=\"elementor-element elementor-element-3397c49e elementor-widget elementor-widget-text-editor\" data-id=\"3397c49e\" data-element_type=\"widget\" data-e-type=\"widget\" data-widget_type=\"text-editor.default\">\n\t\t\t\t<div class=\"elementor-widget-container\">\n\t\t\t\t\t\t\t\t\t<div class=\"page\" title=\"Page 1\">\n<div class=\"layoutArea\">\n<div class=\"column\">\n<div><b>Berge, Wiesen und W\u00e4lder\u00a0<\/b>ist Bestandteil des [r]evolution\u00e4ren, interaktiven und immersiven Ausstellungskonzepts\n<a href=\"https:\/\/berge-wiesen-waelder.art\/wp-content\/uploads\/2021\/04\/You-are-here@wolken.kuckucks.heim_.pdf\" target=\"_blank\" rel=\"noopener\"><b><i>You are here:@<span style=\"color: #da0001;\">\/\/\/<\/span>wolken<\/i><\/b><b><i>.kuckucks.heim<\/i><\/b><\/a><span style=\"font-size: 19px;\">, das auf hochaufl\u00f6senden Fotografien in Gr\u00f6\u00dfen bis 4&#215;6 Metern mit eigenen Soundscapes basiert.<\/span><\/div>\n<div><\/div>\n<div>F\u00fcr Ausstellungen nutzen wir 3d Audio Kopfh\u00f6rertechnik, die interaktiv dem jeweiligen Standort des Betrachters im Ausstellungsraum und seiner Blickrichtung entsprechend, die jeweilige Soundscape auf seinen Kopfh\u00f6rer streamt. Zus\u00e4tzlich k\u00f6nnen wir die Kl\u00e4nge auch k\u00f6rperlich sp\u00fcrbar machen.<\/div>\n<div><\/div>\n<div>Wie unsere Filmscores, orchestriert von Standbildern wirken, erfahren Sie in den nachfolgenden Videos.<\/div>\n<\/div>\n<\/div>\n<\/div>\t\t\t\t\t\t\t\t<\/div>\n\t\t\t\t<\/div>\n\t\t\t\t<div class=\"elementor-element elementor-element-7bcbe83 elementor-widget elementor-widget-video\" data-id=\"7bcbe83\" data-element_type=\"widget\" data-e-type=\"widget\" data-settings=\"{&quot;video_type&quot;:&quot;vimeo&quot;,&quot;yt_privacy&quot;:&quot;yes&quot;}\" data-widget_type=\"video.default\">\n\t\t\t\t<div class=\"elementor-widget-container\">\n\t\t\t\t\t\t\t<div class=\"elementor-wrapper elementor-open-inline\">\n\t\t\t <div class=\"brlbs-cmpnt-container brlbs-cmpnt-content-blocker brlbs-cmpnt-with-individual-styles\" data-borlabs-cookie-content-blocker-id=\"vimeo-content-blocker\" data-borlabs-cookie-content=\"PGlmcmFtZSBjbGFzcz0iZWxlbWVudG9yLXZpZGVvLWlmcmFtZSIgYWxsb3dmdWxsc2NyZWVuIGFsbG93PSJjbGlwYm9hcmQtd3JpdGUiIHRpdGxlPSJ2aW1lbyBWaWRlbyBQbGF5ZXIiIHNyYz0iaHR0cHM6Ly9wbGF5ZXIudmltZW8uY29tL3ZpZGVvLzUzODU3NTk0Nz9jb2xvciZhbXA7YXV0b3BhdXNlPTAmYW1wO2RudD10cnVlJmFtcDtsb29wPTAmYW1wO211dGVkPTAmYW1wO3RpdGxlPTAmYW1wO3BvcnRyYWl0PTAmYW1wO2J5bGluZT0wI3Q9Ij48L2lmcmFtZT4=\"><div class=\"brlbs-cmpnt-cb-preset-c brlbs-cmpnt-cb-vimeo\"> <div class=\"brlbs-cmpnt-cb-thumbnail\" style=\"background-image: url('https:\/\/www.berge-wiesen-waelder.art\/wp-content\/uploads\/borlabs-cookie\/1\/vimeo_538575947.jpg')\"><\/div> <div class=\"brlbs-cmpnt-cb-main\"> <div class=\"brlbs-cmpnt-cb-play-button\"><\/div> <div class=\"brlbs-cmpnt-cb-content\"> <p class=\"brlbs-cmpnt-cb-description\">Sie sehen gerade einen Platzhalterinhalt von <strong>Vimeo<\/strong>. Um auf den eigentlichen Inhalt zuzugreifen, klicken Sie auf die Schaltfl\u00e4che unten. Bitte beachten Sie, dass dabei Daten an Drittanbieter weitergegeben werden.<\/p> <a class=\"brlbs-cmpnt-cb-provider-toggle\" href=\"#\" data-borlabs-cookie-show-provider-information role=\"button\">Mehr Informationen<\/a> <\/div> <div class=\"brlbs-cmpnt-cb-buttons\"> <a class=\"brlbs-cmpnt-cb-btn\" href=\"#\" data-borlabs-cookie-unblock role=\"button\">Inhalt entsperren<\/a> <a class=\"brlbs-cmpnt-cb-btn\" href=\"#\" data-borlabs-cookie-accept-service role=\"button\" style=\"display: inherit\">Erforderlichen Service akzeptieren und Inhalte entsperren<\/a> <\/div> <\/div> <\/div><\/div>\t\t<\/div>\n\t\t\t\t\t\t<\/div>\n\t\t\t\t<\/div>\n\t\t\t\t<div class=\"elementor-element elementor-element-34c2805 elementor-widget elementor-widget-text-editor\" data-id=\"34c2805\" data-element_type=\"widget\" data-e-type=\"widget\" data-widget_type=\"text-editor.default\">\n\t\t\t\t<div class=\"elementor-widget-container\">\n\t\t\t\t\t\t\t\t\t<p>K\u00f6nigsee, Berchtesgadener Land<\/p><p>Musikproduktion:\u00a0<span style=\"font-size: 15px;\">Stefan Kling, Dobel<\/span><\/p>\t\t\t\t\t\t\t\t<\/div>\n\t\t\t\t<\/div>\n\t\t\t\t<div class=\"elementor-element elementor-element-408b673 elementor-widget elementor-widget-video\" data-id=\"408b673\" data-element_type=\"widget\" data-e-type=\"widget\" data-settings=\"{&quot;video_type&quot;:&quot;vimeo&quot;,&quot;yt_privacy&quot;:&quot;yes&quot;}\" data-widget_type=\"video.default\">\n\t\t\t\t<div class=\"elementor-widget-container\">\n\t\t\t\t\t\t\t<div class=\"elementor-wrapper elementor-open-inline\">\n\t\t\t <div class=\"brlbs-cmpnt-container brlbs-cmpnt-content-blocker brlbs-cmpnt-with-individual-styles\" data-borlabs-cookie-content-blocker-id=\"vimeo-content-blocker\" data-borlabs-cookie-content=\"PGlmcmFtZSBjbGFzcz0iZWxlbWVudG9yLXZpZGVvLWlmcmFtZSIgYWxsb3dmdWxsc2NyZWVuIGFsbG93PSJjbGlwYm9hcmQtd3JpdGUiIHRpdGxlPSJ2aW1lbyBWaWRlbyBQbGF5ZXIiIHNyYz0iaHR0cHM6Ly9wbGF5ZXIudmltZW8uY29tL3ZpZGVvLzUzODU3NDI3Mj9jb2xvciZhbXA7YXV0b3BhdXNlPTAmYW1wO2RudD10cnVlJmFtcDtsb29wPTAmYW1wO211dGVkPTAmYW1wO3RpdGxlPTAmYW1wO3BvcnRyYWl0PTAmYW1wO2J5bGluZT0wI3Q9Ij48L2lmcmFtZT4=\"><div class=\"brlbs-cmpnt-cb-preset-c brlbs-cmpnt-cb-vimeo\"> <div class=\"brlbs-cmpnt-cb-thumbnail\" style=\"background-image: url('https:\/\/www.berge-wiesen-waelder.art\/wp-content\/uploads\/borlabs-cookie\/1\/vimeo_538574272.jpg')\"><\/div> <div class=\"brlbs-cmpnt-cb-main\"> <div class=\"brlbs-cmpnt-cb-play-button\"><\/div> <div class=\"brlbs-cmpnt-cb-content\"> <p class=\"brlbs-cmpnt-cb-description\">Sie sehen gerade einen Platzhalterinhalt von <strong>Vimeo<\/strong>. Um auf den eigentlichen Inhalt zuzugreifen, klicken Sie auf die Schaltfl\u00e4che unten. Bitte beachten Sie, dass dabei Daten an Drittanbieter weitergegeben werden.<\/p> <a class=\"brlbs-cmpnt-cb-provider-toggle\" href=\"#\" data-borlabs-cookie-show-provider-information role=\"button\">Mehr Informationen<\/a> <\/div> <div class=\"brlbs-cmpnt-cb-buttons\"> <a class=\"brlbs-cmpnt-cb-btn\" href=\"#\" data-borlabs-cookie-unblock role=\"button\">Inhalt entsperren<\/a> <a class=\"brlbs-cmpnt-cb-btn\" href=\"#\" data-borlabs-cookie-accept-service role=\"button\" style=\"display: inherit\">Erforderlichen Service akzeptieren und Inhalte entsperren<\/a> <\/div> <\/div> <\/div><\/div>\t\t<\/div>\n\t\t\t\t\t\t<\/div>\n\t\t\t\t<\/div>\n\t\t\t\t<div class=\"elementor-element elementor-element-f77887f elementor-widget elementor-widget-text-editor\" data-id=\"f77887f\" data-element_type=\"widget\" data-e-type=\"widget\" data-widget_type=\"text-editor.default\">\n\t\t\t\t<div class=\"elementor-widget-container\">\n\t\t\t\t\t\t\t\t\t<p>Flu\u00dflandschaft, Niefern<\/p><p>Musikproduktion:\u00a0Stefan Kling, Dobel<\/p>\t\t\t\t\t\t\t\t<\/div>\n\t\t\t\t<\/div>\n\t\t\t\t<div class=\"elementor-element elementor-element-b9c481a elementor-widget elementor-widget-video\" data-id=\"b9c481a\" data-element_type=\"widget\" data-e-type=\"widget\" data-settings=\"{&quot;video_type&quot;:&quot;vimeo&quot;,&quot;yt_privacy&quot;:&quot;yes&quot;}\" data-widget_type=\"video.default\">\n\t\t\t\t<div class=\"elementor-widget-container\">\n\t\t\t\t\t\t\t<div class=\"elementor-wrapper elementor-open-inline\">\n\t\t\t <div class=\"brlbs-cmpnt-container brlbs-cmpnt-content-blocker brlbs-cmpnt-with-individual-styles\" data-borlabs-cookie-content-blocker-id=\"vimeo-content-blocker\" data-borlabs-cookie-content=\"PGlmcmFtZSBjbGFzcz0iZWxlbWVudG9yLXZpZGVvLWlmcmFtZSIgYWxsb3dmdWxsc2NyZWVuIGFsbG93PSJjbGlwYm9hcmQtd3JpdGUiIHRpdGxlPSJ2aW1lbyBWaWRlbyBQbGF5ZXIiIHNyYz0iaHR0cHM6Ly9wbGF5ZXIudmltZW8uY29tL3ZpZGVvLzUzODU3NTc1Mz9jb2xvciZhbXA7YXV0b3BhdXNlPTAmYW1wO2RudD10cnVlJmFtcDtsb29wPTAmYW1wO211dGVkPTAmYW1wO3RpdGxlPTAmYW1wO3BvcnRyYWl0PTAmYW1wO2J5bGluZT0wI3Q9Ij48L2lmcmFtZT4=\"><div class=\"brlbs-cmpnt-cb-preset-c brlbs-cmpnt-cb-vimeo\"> <div class=\"brlbs-cmpnt-cb-thumbnail\" style=\"background-image: url('https:\/\/www.berge-wiesen-waelder.art\/wp-content\/uploads\/borlabs-cookie\/1\/vimeo_538575753.jpg')\"><\/div> <div class=\"brlbs-cmpnt-cb-main\"> <div class=\"brlbs-cmpnt-cb-play-button\"><\/div> <div class=\"brlbs-cmpnt-cb-content\"> <p class=\"brlbs-cmpnt-cb-description\">Sie sehen gerade einen Platzhalterinhalt von <strong>Vimeo<\/strong>. Um auf den eigentlichen Inhalt zuzugreifen, klicken Sie auf die Schaltfl\u00e4che unten. Bitte beachten Sie, dass dabei Daten an Drittanbieter weitergegeben werden.<\/p> <a class=\"brlbs-cmpnt-cb-provider-toggle\" href=\"#\" data-borlabs-cookie-show-provider-information role=\"button\">Mehr Informationen<\/a> <\/div> <div class=\"brlbs-cmpnt-cb-buttons\"> <a class=\"brlbs-cmpnt-cb-btn\" href=\"#\" data-borlabs-cookie-unblock role=\"button\">Inhalt entsperren<\/a> <a class=\"brlbs-cmpnt-cb-btn\" href=\"#\" data-borlabs-cookie-accept-service role=\"button\" style=\"display: inherit\">Erforderlichen Service akzeptieren und Inhalte entsperren<\/a> <\/div> <\/div> <\/div><\/div>\t\t<\/div>\n\t\t\t\t\t\t<\/div>\n\t\t\t\t<\/div>\n\t\t\t\t<div class=\"elementor-element elementor-element-6a0f160 elementor-widget elementor-widget-text-editor\" data-id=\"6a0f160\" data-element_type=\"widget\" data-e-type=\"widget\" data-widget_type=\"text-editor.default\">\n\t\t\t\t<div class=\"elementor-widget-container\">\n\t\t\t\t\t\t\t\t\t<p>Schwarzwald, n\u00e4he Rotensol<\/p><p>Musikproduktion:\u00a0Stefan Kling, Dobel<\/p>\t\t\t\t\t\t\t\t<\/div>\n\t\t\t\t<\/div>\n\t\t\t\t<div class=\"elementor-element elementor-element-154509e elementor-widget elementor-widget-video\" data-id=\"154509e\" data-element_type=\"widget\" data-e-type=\"widget\" data-settings=\"{&quot;video_type&quot;:&quot;vimeo&quot;,&quot;yt_privacy&quot;:&quot;yes&quot;}\" data-widget_type=\"video.default\">\n\t\t\t\t<div class=\"elementor-widget-container\">\n\t\t\t\t\t\t\t<div class=\"elementor-wrapper elementor-open-inline\">\n\t\t\t <div class=\"brlbs-cmpnt-container brlbs-cmpnt-content-blocker brlbs-cmpnt-with-individual-styles\" data-borlabs-cookie-content-blocker-id=\"vimeo-content-blocker\" data-borlabs-cookie-content=\"PGlmcmFtZSBjbGFzcz0iZWxlbWVudG9yLXZpZGVvLWlmcmFtZSIgYWxsb3dmdWxsc2NyZWVuIGFsbG93PSJjbGlwYm9hcmQtd3JpdGUiIHRpdGxlPSJ2aW1lbyBWaWRlbyBQbGF5ZXIiIHNyYz0iaHR0cHM6Ly9wbGF5ZXIudmltZW8uY29tL3ZpZGVvLzUzODU3NTE1Mz9jb2xvciZhbXA7YXV0b3BhdXNlPTAmYW1wO2RudD10cnVlJmFtcDtsb29wPTAmYW1wO211dGVkPTAmYW1wO3RpdGxlPTAmYW1wO3BvcnRyYWl0PTAmYW1wO2J5bGluZT0wI3Q9Ij48L2lmcmFtZT4=\"><div class=\"brlbs-cmpnt-cb-preset-c brlbs-cmpnt-cb-vimeo\"> <div class=\"brlbs-cmpnt-cb-thumbnail\" style=\"background-image: url('https:\/\/www.berge-wiesen-waelder.art\/wp-content\/uploads\/borlabs-cookie\/1\/vimeo_538575153.jpg')\"><\/div> <div class=\"brlbs-cmpnt-cb-main\"> <div class=\"brlbs-cmpnt-cb-play-button\"><\/div> <div class=\"brlbs-cmpnt-cb-content\"> <p class=\"brlbs-cmpnt-cb-description\">Sie sehen gerade einen Platzhalterinhalt von <strong>Vimeo<\/strong>. Um auf den eigentlichen Inhalt zuzugreifen, klicken Sie auf die Schaltfl\u00e4che unten. Bitte beachten Sie, dass dabei Daten an Drittanbieter weitergegeben werden.<\/p> <a class=\"brlbs-cmpnt-cb-provider-toggle\" href=\"#\" data-borlabs-cookie-show-provider-information role=\"button\">Mehr Informationen<\/a> <\/div> <div class=\"brlbs-cmpnt-cb-buttons\"> <a class=\"brlbs-cmpnt-cb-btn\" href=\"#\" data-borlabs-cookie-unblock role=\"button\">Inhalt entsperren<\/a> <a class=\"brlbs-cmpnt-cb-btn\" href=\"#\" data-borlabs-cookie-accept-service role=\"button\" style=\"display: inherit\">Erforderlichen Service akzeptieren und Inhalte entsperren<\/a> <\/div> <\/div> <\/div><\/div>\t\t<\/div>\n\t\t\t\t\t\t<\/div>\n\t\t\t\t<\/div>\n\t\t\t\t<div class=\"elementor-element elementor-element-9622966 elementor-widget elementor-widget-text-editor\" data-id=\"9622966\" data-element_type=\"widget\" data-e-type=\"widget\" data-widget_type=\"text-editor.default\">\n\t\t\t\t<div class=\"elementor-widget-container\">\n\t\t\t\t\t\t\t\t\t<p>Schwarzwald, n\u00e4he Rotensol<\/p><p>Musikproduktion: Mathias Freimann, Hamburg &amp; Stefan Kling, Dobel<\/p>\t\t\t\t\t\t\t\t<\/div>\n\t\t\t\t<\/div>\n\t\t\t\t\t<\/div>\n\t\t<\/div>\n\t\t\t\t\t<\/div>\n\t\t<\/section>\n\t\t\t\t<\/div>\n\t\t","protected":false},"excerpt":{"rendered":"<p>Berge, Wiesen und W\u00e4lder\u00a0ist Bestandteil des [r]evolution\u00e4ren, interaktiven und immersiven Ausstellungskonzepts You are here:@\/\/\/wolken.kuckucks.heim, das auf hochaufl\u00f6senden Fotografien in Gr\u00f6\u00dfen bis 4&#215;6 Metern mit eigenen Soundscapes basiert. F\u00fcr Ausstellungen nutzen wir 3d Audio Kopfh\u00f6rertechnik, die interaktiv dem jeweiligen Standort des Betrachters im Ausstellungsraum und seiner Blickrichtung entsprechend, die jeweilige Soundscape auf seinen Kopfh\u00f6rer streamt. Zus\u00e4tzlich [&hellip;]<\/p>\n","protected":false},"author":1,"featured_media":0,"parent":0,"menu_order":0,"comment_status":"closed","ping_status":"closed","template":"","meta":{"footnotes":""},"class_list":["post-25","page","type-page","status-publish","hentry"],"yoast_head":"<!-- This site is optimized with the Yoast SEO plugin v27.6 - https:\/\/yoast.com\/product\/yoast-seo-wordpress\/ -->\n<title>Bild &amp; Sound - Berge, Wiesen und W\u00e4lder<\/title>\n<meta name=\"robots\" content=\"index, follow, max-snippet:-1, max-image-preview:large, max-video-preview:-1\" \/>\n<link rel=\"canonical\" href=\"https:\/\/www.berge-wiesen-waelder.art\/en\/bild-sound\/\" \/>\n<meta property=\"og:locale\" content=\"en_GB\" \/>\n<meta property=\"og:type\" content=\"article\" \/>\n<meta property=\"og:title\" content=\"Bild &amp; Sound - Berge, Wiesen und W\u00e4lder\" \/>\n<meta property=\"og:description\" content=\"Berge, Wiesen und W\u00e4lder\u00a0ist Bestandteil des [r]evolution\u00e4ren, interaktiven und immersiven Ausstellungskonzepts You are here:@\/\/\/wolken.kuckucks.heim, das auf hochaufl\u00f6senden Fotografien in Gr\u00f6\u00dfen bis 4&#215;6 Metern mit eigenen Soundscapes basiert. F\u00fcr Ausstellungen nutzen wir 3d Audio Kopfh\u00f6rertechnik, die interaktiv dem jeweiligen Standort des Betrachters im Ausstellungsraum und seiner Blickrichtung entsprechend, die jeweilige Soundscape auf seinen Kopfh\u00f6rer streamt. Zus\u00e4tzlich [&hellip;]\" \/>\n<meta property=\"og:url\" content=\"https:\/\/www.berge-wiesen-waelder.art\/en\/bild-sound\/\" \/>\n<meta property=\"og:site_name\" content=\"Berge, Wiesen und W\u00e4lder\" \/>\n<meta property=\"article:modified_time\" content=\"2025-03-22T04:23:24+00:00\" \/>\n<meta name=\"twitter:card\" content=\"summary_large_image\" \/>\n<meta name=\"twitter:label1\" content=\"Estimated reading time\" \/>\n\t<meta name=\"twitter:data1\" content=\"1 minute\" \/>\n<script type=\"application\/ld+json\" class=\"yoast-schema-graph\">{\"@context\":\"https:\\\/\\\/schema.org\",\"@graph\":[{\"@type\":\"WebPage\",\"@id\":\"https:\\\/\\\/www.berge-wiesen-waelder.art\\\/bild-sound\\\/\",\"url\":\"https:\\\/\\\/www.berge-wiesen-waelder.art\\\/bild-sound\\\/\",\"name\":\"Bild & Sound - Berge, Wiesen und W\u00e4lder\",\"isPartOf\":{\"@id\":\"https:\\\/\\\/www.berge-wiesen-waelder.art\\\/#website\"},\"datePublished\":\"2020-12-19T22:19:21+00:00\",\"dateModified\":\"2025-03-22T04:23:24+00:00\",\"breadcrumb\":{\"@id\":\"https:\\\/\\\/www.berge-wiesen-waelder.art\\\/bild-sound\\\/#breadcrumb\"},\"inLanguage\":\"en-GB\",\"potentialAction\":[{\"@type\":\"ReadAction\",\"target\":[\"https:\\\/\\\/www.berge-wiesen-waelder.art\\\/bild-sound\\\/\"]}]},{\"@type\":\"BreadcrumbList\",\"@id\":\"https:\\\/\\\/www.berge-wiesen-waelder.art\\\/bild-sound\\\/#breadcrumb\",\"itemListElement\":[{\"@type\":\"ListItem\",\"position\":1,\"name\":\"Startseite\",\"item\":\"https:\\\/\\\/www.berge-wiesen-waelder.art\\\/\"},{\"@type\":\"ListItem\",\"position\":2,\"name\":\"Bild &#038; Sound\"}]},{\"@type\":\"WebSite\",\"@id\":\"https:\\\/\\\/www.berge-wiesen-waelder.art\\\/#website\",\"url\":\"https:\\\/\\\/www.berge-wiesen-waelder.art\\\/\",\"name\":\"Berge, Wiesen und W\u00e4lder\",\"description\":\"\",\"publisher\":{\"@id\":\"https:\\\/\\\/www.berge-wiesen-waelder.art\\\/#organization\"},\"potentialAction\":[{\"@type\":\"SearchAction\",\"target\":{\"@type\":\"EntryPoint\",\"urlTemplate\":\"https:\\\/\\\/www.berge-wiesen-waelder.art\\\/?s={search_term_string}\"},\"query-input\":{\"@type\":\"PropertyValueSpecification\",\"valueRequired\":true,\"valueName\":\"search_term_string\"}}],\"inLanguage\":\"en-GB\"},{\"@type\":\"Organization\",\"@id\":\"https:\\\/\\\/www.berge-wiesen-waelder.art\\\/#organization\",\"name\":\"Berge, Wiesen und W\u00e4lder\",\"url\":\"https:\\\/\\\/www.berge-wiesen-waelder.art\\\/\",\"logo\":{\"@type\":\"ImageObject\",\"inLanguage\":\"en-GB\",\"@id\":\"https:\\\/\\\/www.berge-wiesen-waelder.art\\\/#\\\/schema\\\/logo\\\/image\\\/\",\"url\":\"https:\\\/\\\/www.berge-wiesen-waelder.art\\\/wp-content\\\/uploads\\\/2021\\\/04\\\/LOGO_DE_colour_moved.jpg\",\"contentUrl\":\"https:\\\/\\\/www.berge-wiesen-waelder.art\\\/wp-content\\\/uploads\\\/2021\\\/04\\\/LOGO_DE_colour_moved.jpg\",\"width\":1294,\"height\":136,\"caption\":\"Berge, Wiesen und W\u00e4lder\"},\"image\":{\"@id\":\"https:\\\/\\\/www.berge-wiesen-waelder.art\\\/#\\\/schema\\\/logo\\\/image\\\/\"}}]}<\/script>\n<!-- \/ Yoast SEO plugin. -->","yoast_head_json":{"title":"Bild & Sound - Berge, Wiesen und W\u00e4lder","robots":{"index":"index","follow":"follow","max-snippet":"max-snippet:-1","max-image-preview":"max-image-preview:large","max-video-preview":"max-video-preview:-1"},"canonical":"https:\/\/www.berge-wiesen-waelder.art\/en\/bild-sound\/","og_locale":"en_GB","og_type":"article","og_title":"Bild & Sound - Berge, Wiesen und W\u00e4lder","og_description":"Berge, Wiesen und W\u00e4lder\u00a0ist Bestandteil des [r]evolution\u00e4ren, interaktiven und immersiven Ausstellungskonzepts You are here:@\/\/\/wolken.kuckucks.heim, das auf hochaufl\u00f6senden Fotografien in Gr\u00f6\u00dfen bis 4&#215;6 Metern mit eigenen Soundscapes basiert. F\u00fcr Ausstellungen nutzen wir 3d Audio Kopfh\u00f6rertechnik, die interaktiv dem jeweiligen Standort des Betrachters im Ausstellungsraum und seiner Blickrichtung entsprechend, die jeweilige Soundscape auf seinen Kopfh\u00f6rer streamt. Zus\u00e4tzlich [&hellip;]","og_url":"https:\/\/www.berge-wiesen-waelder.art\/en\/bild-sound\/","og_site_name":"Berge, Wiesen und W\u00e4lder","article_modified_time":"2025-03-22T04:23:24+00:00","twitter_card":"summary_large_image","twitter_misc":{"Estimated reading time":"1 minute"},"schema":{"@context":"https:\/\/schema.org","@graph":[{"@type":"WebPage","@id":"https:\/\/www.berge-wiesen-waelder.art\/bild-sound\/","url":"https:\/\/www.berge-wiesen-waelder.art\/bild-sound\/","name":"Bild & Sound - Berge, Wiesen und W\u00e4lder","isPartOf":{"@id":"https:\/\/www.berge-wiesen-waelder.art\/#website"},"datePublished":"2020-12-19T22:19:21+00:00","dateModified":"2025-03-22T04:23:24+00:00","breadcrumb":{"@id":"https:\/\/www.berge-wiesen-waelder.art\/bild-sound\/#breadcrumb"},"inLanguage":"en-GB","potentialAction":[{"@type":"ReadAction","target":["https:\/\/www.berge-wiesen-waelder.art\/bild-sound\/"]}]},{"@type":"BreadcrumbList","@id":"https:\/\/www.berge-wiesen-waelder.art\/bild-sound\/#breadcrumb","itemListElement":[{"@type":"ListItem","position":1,"name":"Startseite","item":"https:\/\/www.berge-wiesen-waelder.art\/"},{"@type":"ListItem","position":2,"name":"Bild &#038; Sound"}]},{"@type":"WebSite","@id":"https:\/\/www.berge-wiesen-waelder.art\/#website","url":"https:\/\/www.berge-wiesen-waelder.art\/","name":"mountains, grasslands and woods","description":"","publisher":{"@id":"https:\/\/www.berge-wiesen-waelder.art\/#organization"},"potentialAction":[{"@type":"SearchAction","target":{"@type":"EntryPoint","urlTemplate":"https:\/\/www.berge-wiesen-waelder.art\/?s={search_term_string}"},"query-input":{"@type":"PropertyValueSpecification","valueRequired":true,"valueName":"search_term_string"}}],"inLanguage":"en-GB"},{"@type":"Organization","@id":"https:\/\/www.berge-wiesen-waelder.art\/#organization","name":"mountains, grasslands and woods","url":"https:\/\/www.berge-wiesen-waelder.art\/","logo":{"@type":"ImageObject","inLanguage":"en-GB","@id":"https:\/\/www.berge-wiesen-waelder.art\/#\/schema\/logo\/image\/","url":"https:\/\/www.berge-wiesen-waelder.art\/wp-content\/uploads\/2021\/04\/LOGO_DE_colour_moved.jpg","contentUrl":"https:\/\/www.berge-wiesen-waelder.art\/wp-content\/uploads\/2021\/04\/LOGO_DE_colour_moved.jpg","width":1294,"height":136,"caption":"Berge, Wiesen und W\u00e4lder"},"image":{"@id":"https:\/\/www.berge-wiesen-waelder.art\/#\/schema\/logo\/image\/"}}]}},"_links":{"self":[{"href":"https:\/\/www.berge-wiesen-waelder.art\/en\/wp-json\/wp\/v2\/pages\/25","targetHints":{"allow":["GET"]}}],"collection":[{"href":"https:\/\/www.berge-wiesen-waelder.art\/en\/wp-json\/wp\/v2\/pages"}],"about":[{"href":"https:\/\/www.berge-wiesen-waelder.art\/en\/wp-json\/wp\/v2\/types\/page"}],"author":[{"embeddable":true,"href":"https:\/\/www.berge-wiesen-waelder.art\/en\/wp-json\/wp\/v2\/users\/1"}],"replies":[{"embeddable":true,"href":"https:\/\/www.berge-wiesen-waelder.art\/en\/wp-json\/wp\/v2\/comments?post=25"}],"version-history":[{"count":0,"href":"https:\/\/www.berge-wiesen-waelder.art\/en\/wp-json\/wp\/v2\/pages\/25\/revisions"}],"wp:attachment":[{"href":"https:\/\/www.berge-wiesen-waelder.art\/en\/wp-json\/wp\/v2\/media?parent=25"}],"curies":[{"name":"wp","href":"https:\/\/api.w.org\/{rel}","templated":true}]}}